{"id":2,"date":"2014-02-07T19:30:01","date_gmt":"2014-02-07T19:30:01","guid":{"rendered":"http:\/\/www.goaviator.com\/?page_id=2"},"modified":"2014-03-01T15:18:54","modified_gmt":"2014-03-01T15:18:54","slug":"golden-aviators-club","status":"publish","type":"page","link":"http:\/\/www.goaviator.com\/fr\/golden-aviators-club","title":{"rendered":"The Golden Aviators Club"},"content":{"rendered":"<h1>Le Golden Aviators Club\u00a0: Le plaisir des passionn\u00e9s d&#039;aviation<\/h1>\n[half]Vous \u00eates passionn\u00e9 d&#039;aviation\u00a0? L&#039;odeur de l&#039;essence et du Jet A1 vous \u00e9voque-t-elle la libert\u00e9 et l&#039;aventure\u00a0? Vous ne voulez manquer aucune occasion d&#039;observer et de piloter les avions les plus excitants\u00a0? Alors, rejoignez gratuitement le Golden Aviators Club et b\u00e9n\u00e9ficiez des avantages suivants\u00a0:<\/p>\n<ul>\n<li>Un 5%<strong>\u00a0r\u00e9duction sur tous les vols<\/strong><\/li>\n<li>Des opportunit\u00e9s de vol exclusives telles que des vols en ferry, du travail \u00e0 la t\u00e9l\u00e9vision et plus encore<\/li>\n<li>Acc\u00e8s privil\u00e9gi\u00e9 \u00e0 <strong>\u00e9v\u00e9nements organis\u00e9s par GoAviator.com<\/strong><\/li>\n<li>Acc\u00e9dez \u00e0 notre espace de t\u00e9l\u00e9chargement avec <strong>Fonds d&#039;\u00e9cran Air to Air haute r\u00e9solution<\/strong><\/li>\n<li>Bulletin trimestriel comprenant les informations les plus pertinentes sur les \u00e9v\u00e9nements et les opportunit\u00e9s de vol et un fond d&#039;\u00e9cran haute r\u00e9solution unique pour votre ordinateur et votre smartphone<\/li>\n<\/ul>\n[\/half][half_last][non connect\u00e9]\n<h3 style=\"text-align: center;\">\u00c9tape 1) Connectez-vous avec Facebook<\/h3>\n<p style=\"text-align: center;\">La confidentialit\u00e9 et la s\u00e9curit\u00e9 des donn\u00e9es sont garanties et la d\u00e9sinscription est possible \u00e0 tout moment.<\/p>\n<p style=\"text-align: center;\"><span style=\"line-height: 1.5em;\">\u00a0[jfb_facebook_btn]<\/span><\/p>\n<h3 style=\"text-align: center;\">\u00c9tape 2) Confirmer l&#039;adh\u00e9sion gratuite au club<\/h3>\n<p style=\"text-align: center;\">Juste apr\u00e8s votre inscription via Facebook, vous recevrez un e-mail de GoAviator.com avec pour objet \u00ab\u00a0Le Club des Aviateurs d&#039;Or\u00a0: Veuillez confirmer votre inscription\u00a0\u00bb. Ouvrez cet e-mail et cliquez sur \u00ab\u00a0Oui, je souhaite m&#039;abonner \u00e0 cette liste\u00a0\u00bb.<\/p>\n<p>&nbsp;<\/p>\n<h3 style=\"text-align: center;\"><\/h3>\n[\/not_logged_in]\n<p style=\"text-align: center;\">[limiter]<strong>Merci de vous connecter, mon pote !<\/strong><\/p>\n<p style=\"text-align: center;\">Vous pouvez visiter le <a title=\"Salon des membres du Golden Aviators Club\" href=\"http:\/\/www.goaviator.com\/fr\/golden-aviators-club\/golden-aviators-club-members-lounge\/\">Salon du Golden Aviators Club<\/a> maintenant.<\/p>\n[\/limiter]\n<p><span style=\"line-height: 1.5em;\">[\/half_last]<\/span><\/p>\n[casser]\n<figure id=\"attachment_8821\" aria-describedby=\"caption-attachment-8821\" style=\"width: 800px\" class=\"wp-caption aligncenter\"><a href=\"http:\/\/www.goaviator.com\/wp-content\/uploads\/2014\/03\/goa-club-wallpaper.jpg\"><img loading=\"lazy\" decoding=\"async\" class=\"size-large wp-image-8821\" alt=\"Yak-9 iMac Wallpaper\" src=\"http:\/\/www.goaviator.com\/wp-content\/uploads\/2014\/03\/goa-club-wallpaper-1024x576.jpg\" width=\"800\" height=\"450\" srcset=\"http:\/\/www.goaviator.com\/wp-content\/uploads\/2014\/03\/goa-club-wallpaper-1024x576.jpg 1024w, http:\/\/www.goaviator.com\/wp-content\/uploads\/2014\/03\/goa-club-wallpaper-510x287.jpg 510w, http:\/\/www.goaviator.com\/wp-content\/uploads\/2014\/03\/goa-club-wallpaper-300x169.jpg 300w, http:\/\/www.goaviator.com\/wp-content\/uploads\/2014\/03\/goa-club-wallpaper.jpg 1920w\" sizes=\"auto, (max-width: 800px) 100vw, 800px\" \/><\/a><figcaption id=\"caption-attachment-8821\" class=\"wp-caption-text\">Fond d&#039;\u00e9cran Yak-9 pour iMac<\/figcaption><\/figure>","protected":false},"excerpt":{"rendered":"<p>The Golden Aviators Club: The Aviation Enthusiasts&#8250; Delight [half]Are you passionate about aviation? Does the smell of Avgas and Jet A1 remind you of freedom and adventure? Do you never \u00a0want to miss an opportunity to watch and fly along in the most exciting aircraft? Then join The Golden Aviators Club for free and benefit [&#8230;]","protected":false},"author":1,"featured_media":0,"parent":0,"menu_order":0,"comment_status":"open","ping_status":"open","template":"","meta":{"footnotes":""},"class_list":["post-2","page","type-page","status-publish","hentry"],"yoast_head":"<!-- This site is optimized with the Yoast SEO plugin v25.4 - https:\/\/yoast.com\/wordpress\/plugins\/seo\/ -->\n<title>The Golden Aviators Club - GoAviator - Flieg mit echten Legenden.<\/title>\n<meta name=\"robots\" content=\"index, follow, max-snippet:-1, max-image-preview:large, max-video-preview:-1\" \/>\n<link rel=\"canonical\" href=\"http:\/\/www.goaviator.com\/fr\/golden-aviators-club\/\" \/>\n<meta property=\"og:locale\" content=\"fr_FR\" \/>\n<meta property=\"og:type\" content=\"article\" \/>\n<meta property=\"og:title\" content=\"The Golden Aviators Club - GoAviator - Flieg mit echten Legenden.\" \/>\n<meta property=\"og:description\" content=\"The Golden Aviators Club: The Aviation Enthusiasts&#8250; Delight [half]Are you passionate about aviation? Does the smell of Avgas and Jet A1 remind you of freedom and adventure? Do you never \u00a0want to miss an opportunity to watch and fly along in the most exciting aircraft? Then join The Golden Aviators Club for free and benefit [...]\" \/>\n<meta property=\"og:url\" content=\"http:\/\/www.goaviator.com\/fr\/golden-aviators-club\/\" \/>\n<meta property=\"og:site_name\" content=\"GoAviator - Flieg mit echten Legenden.\" \/>\n<meta property=\"article:publisher\" content=\"https:\/\/www.facebook.com\/GoAviator\/\" \/>\n<meta property=\"article:modified_time\" content=\"2014-03-01T15:18:54+00:00\" \/>\n<meta property=\"og:image\" content=\"http:\/\/www.goaviator.com\/wp-content\/uploads\/2014\/03\/goa-club-wallpaper-1024x576.jpg\" \/>\n<meta name=\"twitter:label1\" content=\"Dur\u00e9e de lecture estim\u00e9e\" \/>\n\t<meta name=\"twitter:data1\" content=\"1 minute\" \/>\n<script type=\"application\/ld+json\" class=\"yoast-schema-graph\">{\"@context\":\"https:\/\/schema.org\",\"@graph\":[{\"@type\":\"WebPage\",\"@id\":\"http:\/\/www.goaviator.com\/it\/golden-aviators-club\",\"url\":\"http:\/\/www.goaviator.com\/it\/golden-aviators-club\",\"name\":\"The Golden Aviators Club - GoAviator - Flieg mit echten Legenden.\",\"isPartOf\":{\"@id\":\"https:\/\/www.goaviator.com\/it\/#website\"},\"primaryImageOfPage\":{\"@id\":\"http:\/\/www.goaviator.com\/it\/golden-aviators-club#primaryimage\"},\"image\":{\"@id\":\"http:\/\/www.goaviator.com\/it\/golden-aviators-club#primaryimage\"},\"thumbnailUrl\":\"http:\/\/www.goaviator.com\/wp-content\/uploads\/2014\/03\/goa-club-wallpaper-1024x576.jpg\",\"datePublished\":\"2014-02-07T19:30:01+00:00\",\"dateModified\":\"2014-03-01T15:18:54+00:00\",\"breadcrumb\":{\"@id\":\"http:\/\/www.goaviator.com\/it\/golden-aviators-club#breadcrumb\"},\"inLanguage\":\"fr-FR\",\"potentialAction\":[{\"@type\":\"ReadAction\",\"target\":[\"http:\/\/www.goaviator.com\/it\/golden-aviators-club\"]}]},{\"@type\":\"ImageObject\",\"inLanguage\":\"fr-FR\",\"@id\":\"http:\/\/www.goaviator.com\/it\/golden-aviators-club#primaryimage\",\"url\":\"http:\/\/www.goaviator.com\/wp-content\/uploads\/2014\/03\/goa-club-wallpaper-1024x576.jpg\",\"contentUrl\":\"http:\/\/www.goaviator.com\/wp-content\/uploads\/2014\/03\/goa-club-wallpaper-1024x576.jpg\"},{\"@type\":\"BreadcrumbList\",\"@id\":\"http:\/\/www.goaviator.com\/it\/golden-aviators-club#breadcrumb\",\"itemListElement\":[{\"@type\":\"ListItem\",\"position\":1,\"name\":\"Home\",\"item\":\"https:\/\/www.goaviator.com\/it\/\"},{\"@type\":\"ListItem\",\"position\":2,\"name\":\"The Golden Aviators Club\"}]},{\"@type\":\"WebSite\",\"@id\":\"https:\/\/www.goaviator.com\/it\/#website\",\"url\":\"https:\/\/www.goaviator.com\/it\/\",\"name\":\"GoAviator - Flieg mit echten Legenden.\",\"description\":\"Flieg mit echten Legenden.\",\"publisher\":{\"@id\":\"https:\/\/www.goaviator.com\/it\/#organization\"},\"potentialAction\":[{\"@type\":\"SearchAction\",\"target\":{\"@type\":\"EntryPoint\",\"urlTemplate\":\"https:\/\/www.goaviator.com\/it\/?s={search_term_string}\"},\"query-input\":{\"@type\":\"PropertyValueSpecification\",\"valueRequired\":true,\"valueName\":\"search_term_string\"}}],\"inLanguage\":\"fr-FR\"},{\"@type\":\"Organization\",\"@id\":\"https:\/\/www.goaviator.com\/it\/#organization\",\"name\":\"GoAviator - Flieg mit echten Legenden.\",\"url\":\"https:\/\/www.goaviator.com\/it\/\",\"logo\":{\"@type\":\"ImageObject\",\"inLanguage\":\"fr-FR\",\"@id\":\"https:\/\/www.goaviator.com\/it\/#\/schema\/logo\/image\/\",\"url\":\"https:\/\/www.goaviator.com\/wp-content\/uploads\/2025\/03\/cropped-logo_no_wings_green.gif\",\"contentUrl\":\"https:\/\/www.goaviator.com\/wp-content\/uploads\/2025\/03\/cropped-logo_no_wings_green.gif\",\"width\":512,\"height\":512,\"caption\":\"GoAviator - Flieg mit echten Legenden.\"},\"image\":{\"@id\":\"https:\/\/www.goaviator.com\/it\/#\/schema\/logo\/image\/\"},\"sameAs\":[\"https:\/\/www.facebook.com\/GoAviator\/\",\"https:\/\/instagram.com\/goaviatorcom\"]}]}<\/script>\n<!-- \/ Yoast SEO plugin. -->","yoast_head_json":{"title":"The Golden Aviators Club - GoAviator - Flieg mit echten Legenden.","robots":{"index":"index","follow":"follow","max-snippet":"max-snippet:-1","max-image-preview":"max-image-preview:large","max-video-preview":"max-video-preview:-1"},"canonical":"http:\/\/www.goaviator.com\/fr\/golden-aviators-club\/","og_locale":"fr_FR","og_type":"article","og_title":"The Golden Aviators Club - GoAviator - Flieg mit echten Legenden.","og_description":"The Golden Aviators Club: The Aviation Enthusiasts&#8250; Delight [half]Are you passionate about aviation? Does the smell of Avgas and Jet A1 remind you of freedom and adventure? Do you never \u00a0want to miss an opportunity to watch and fly along in the most exciting aircraft? Then join The Golden Aviators Club for free and benefit [...]","og_url":"http:\/\/www.goaviator.com\/fr\/golden-aviators-club\/","og_site_name":"GoAviator - Flieg mit echten Legenden.","article_publisher":"https:\/\/www.facebook.com\/GoAviator\/","article_modified_time":"2014-03-01T15:18:54+00:00","og_image":[{"url":"http:\/\/www.goaviator.com\/wp-content\/uploads\/2014\/03\/goa-club-wallpaper-1024x576.jpg","type":"","width":"","height":""}],"twitter_misc":{"Dur\u00e9e de lecture estim\u00e9e":"1 minute"},"schema":{"@context":"https:\/\/schema.org","@graph":[{"@type":"WebPage","@id":"http:\/\/www.goaviator.com\/it\/golden-aviators-club","url":"http:\/\/www.goaviator.com\/it\/golden-aviators-club","name":"The Golden Aviators Club - GoAviator - Flieg mit echten Legenden.","isPartOf":{"@id":"https:\/\/www.goaviator.com\/it\/#website"},"primaryImageOfPage":{"@id":"http:\/\/www.goaviator.com\/it\/golden-aviators-club#primaryimage"},"image":{"@id":"http:\/\/www.goaviator.com\/it\/golden-aviators-club#primaryimage"},"thumbnailUrl":"http:\/\/www.goaviator.com\/wp-content\/uploads\/2014\/03\/goa-club-wallpaper-1024x576.jpg","datePublished":"2014-02-07T19:30:01+00:00","dateModified":"2014-03-01T15:18:54+00:00","breadcrumb":{"@id":"http:\/\/www.goaviator.com\/it\/golden-aviators-club#breadcrumb"},"inLanguage":"fr-FR","potentialAction":[{"@type":"ReadAction","target":["http:\/\/www.goaviator.com\/it\/golden-aviators-club"]}]},{"@type":"ImageObject","inLanguage":"fr-FR","@id":"http:\/\/www.goaviator.com\/it\/golden-aviators-club#primaryimage","url":"http:\/\/www.goaviator.com\/wp-content\/uploads\/2014\/03\/goa-club-wallpaper-1024x576.jpg","contentUrl":"http:\/\/www.goaviator.com\/wp-content\/uploads\/2014\/03\/goa-club-wallpaper-1024x576.jpg"},{"@type":"BreadcrumbList","@id":"http:\/\/www.goaviator.com\/it\/golden-aviators-club#breadcrumb","itemListElement":[{"@type":"ListItem","position":1,"name":"Home","item":"https:\/\/www.goaviator.com\/it\/"},{"@type":"ListItem","position":2,"name":"The Golden Aviators Club"}]},{"@type":"WebSite","@id":"https:\/\/www.goaviator.com\/it\/#website","url":"https:\/\/www.goaviator.com\/it\/","name":"GoAviator - Flieg mit echten Legenden.","description":"Flieg mit echten Legenden.","publisher":{"@id":"https:\/\/www.goaviator.com\/it\/#organization"},"potentialAction":[{"@type":"SearchAction","target":{"@type":"EntryPoint","urlTemplate":"https:\/\/www.goaviator.com\/it\/?s={search_term_string}"},"query-input":{"@type":"PropertyValueSpecification","valueRequired":true,"valueName":"search_term_string"}}],"inLanguage":"fr-FR"},{"@type":"Organization","@id":"https:\/\/www.goaviator.com\/it\/#organization","name":"GoAviator - Flieg mit echten Legenden.","url":"https:\/\/www.goaviator.com\/it\/","logo":{"@type":"ImageObject","inLanguage":"fr-FR","@id":"https:\/\/www.goaviator.com\/it\/#\/schema\/logo\/image\/","url":"https:\/\/www.goaviator.com\/wp-content\/uploads\/2025\/03\/cropped-logo_no_wings_green.gif","contentUrl":"https:\/\/www.goaviator.com\/wp-content\/uploads\/2025\/03\/cropped-logo_no_wings_green.gif","width":512,"height":512,"caption":"GoAviator - Flieg mit echten Legenden."},"image":{"@id":"https:\/\/www.goaviator.com\/it\/#\/schema\/logo\/image\/"},"sameAs":["https:\/\/www.facebook.com\/GoAviator\/","https:\/\/instagram.com\/goaviatorcom"]}]}},"_links":{"self":[{"href":"http:\/\/www.goaviator.com\/fr\/wp-json\/wp\/v2\/pages\/2","targetHints":{"allow":["GET"]}}],"collection":[{"href":"http:\/\/www.goaviator.com\/fr\/wp-json\/wp\/v2\/pages"}],"about":[{"href":"http:\/\/www.goaviator.com\/fr\/wp-json\/wp\/v2\/types\/page"}],"author":[{"embeddable":true,"href":"http:\/\/www.goaviator.com\/fr\/wp-json\/wp\/v2\/users\/1"}],"replies":[{"embeddable":true,"href":"http:\/\/www.goaviator.com\/fr\/wp-json\/wp\/v2\/comments?post=2"}],"version-history":[{"count":25,"href":"http:\/\/www.goaviator.com\/fr\/wp-json\/wp\/v2\/pages\/2\/revisions"}],"predecessor-version":[{"id":8842,"href":"http:\/\/www.goaviator.com\/fr\/wp-json\/wp\/v2\/pages\/2\/revisions\/8842"}],"wp:attachment":[{"href":"http:\/\/www.goaviator.com\/fr\/wp-json\/wp\/v2\/media?parent=2"}],"curies":[{"name":"wp","href":"https:\/\/api.w.org\/{rel}","templated":true}]}}