{"id":4542,"date":"2012-06-02T11:48:36","date_gmt":"2012-06-02T11:48:36","guid":{"rendered":"http:\/\/mistix.premiumcoding.com\/?page_id=4542"},"modified":"2014-05-26T20:33:43","modified_gmt":"2014-05-26T20:33:43","slug":"buttons","status":"publish","type":"page","link":"http:\/\/www.goaviator.com\/fr\/buttons","title":{"rendered":"Boutons"},"content":{"rendered":"<p>Nous avons pr\u00e9par\u00e9 une large s\u00e9lection de boutons que vous pouvez ajouter via des codes courts. Veuillez noter qu&#039;\u00e0 <strong>boutons avec ic\u00f4nes<\/strong>\u00a0vous pouvez ajouter <strong>n&#039;importe quelle ic\u00f4ne<\/strong> Ajoutez le style de votre choix avec un lien simple vers l&#039;ic\u00f4ne dans le shortcode. La taille recommand\u00e9e pour les ic\u00f4nes est de 16 x 16. C&#039;est un moyen pratique de cr\u00e9er vos propres petits boutons astucieux.<\/p>\n<h2>Boutons \u00e0 deux lignes<\/h2>\n[button_purche url=http:\/\/www.google.com bottom_text=\u00bbAchetez nos derniers produits\u00bb]Acheter[\/button_purche] [button_download url=http:\/\/www.google.com bottom_text=\u00bbT\u00e9l\u00e9chargez notre dernier film\u00bb]T\u00e9l\u00e9charger[\/button_download] [button_search_c url=http:\/\/www.google.com bottom_text=\u00bbRecherchez dans notre base de donn\u00e9es \u00ab]Rechercher[\/button_search_c]\n<h2><\/h2>\n<p>&nbsp;<\/p>\n<h2>Boutons normaux<\/h2>\n[button_dark url=http:\/\/www.google.com]Bouton[\/button_dark] [button_blue url=http:\/\/www.google.com]Bouton[\/button_blue] [button_yellow url=http:\/\/www.google.com]Bouton[\/button_yellow] [button_red url=http:\/\/www.google.com]Bouton[\/button_red] [button_orange iconlink=\u00bb\u00bb url=http:\/\/www.google.com]Bouton[\/button_orange] [button_green iconlink=\u00bb\u00bb url=http:\/\/www.google.com]Bouton[\/button_green] [button_pink iconlink=\u00bb\u00bb url=http:\/\/www.google.com]Bouton[\/button_pink] [break]\n<p>&nbsp;<\/p>\n<h2>Boutons modernes<\/h2>\n[button_dark_modern url=http:\/\/www.google.com]Bouton[\/button_dark_modern] [button_blue_modern url=http:\/\/www.google.com]Bouton[\/button_blue_modern] [button_yellow_modern url=http:\/\/www.google.com]Bouton[\/button_yellow_modern] [button_red_modern url=http:\/\/www.google.com]Bouton[\/button_red_modern] [button_orange_modern iconlink=\u00bb\u00bb url=http:\/\/www.google.com]Bouton[\/button_orange_modern] [button_green_modern iconlink=\u00bb\u00bb url=http:\/\/www.google.com]Bouton[\/button_green_modern] [button_pink_modern iconlink=\u00bb\u00bb url=http:\/\/www.google.com]Bouton[\/button_pink_modern] [break]\n<p>&nbsp;<\/p>\n<h2>Boutons normaux avec ic\u00f4nes<\/h2>\n[button_dark iconlink=\u00bbhttp:\/\/www.goaviator.com\/wp-content\/uploads\/2012\/06\/Tick1.png\u00bb url=http:\/\/premiumcoding.com]Bouton[\/button_dark] [button_blue iconlink=\u00bbhttp:\/\/www.goaviator.com\/wp-content\/uploads\/2012\/06\/Add.png\u00bb url=http:\/\/premiumcoding.com]Bouton[\/button_blue] [button_red iconlink=\u00bbhttp:\/\/www.goaviator.com\/wp-content\/uploads\/2012\/06\/Views.png\u00bb url=http:\/\/premiumcoding.com]Bouton[\/button_red] [button_yellow iconlink=\u00bbhttp:\/\/www.goaviator.com\/wp-content\/uploads\/2012\/06\/Down-2.png\u00bb url=http:\/\/premiumcoding.com]Bouton[\/button_yellow] [button_orange iconlink=\u00bbhttp:\/\/www.goaviator.com\/wp-content\/uploads\/2012\/06\/Image.png\u00bb url=http:\/\/premiumcoding.com]Bouton[\/button_orange] [button_green iconlink=\u00bbhttp:\/\/www.goaviator.com\/wp-content\/uploads\/2012\/06\/Link.png\u00bb url=http:\/\/premiumcoding.com]Bouton[\/button_green] [button_pink iconlink=\u00bbhttp:\/\/www.goaviator.com\/wp-content\/uploads\/2012\/06\/Search-1.png\u00bb url=http:\/\/premiumcoding.com]Bouton[\/button_pink] [break]\n<p>&nbsp;<\/p>\n<h2>Boutons modernes avec ic\u00f4nes<\/h2>\n[button_dark_modern iconlink=\u00bbhttp:\/\/www.goaviator.com\/wp-content\/uploads\/2012\/06\/Image.png\u00bb url=http:\/\/premiumcoding.com]Bouton[\/button_dark_modern] [button_blue_modern iconlink=\u00bbhttp:\/\/www.goaviator.com\/wp-content\/uploads\/2012\/06\/Add.png\u00bb url=http:\/\/premiumcoding.com]Bouton[\/button_blue_modern] [button_red_modern iconlink=\u00bbhttp:\/\/www.goaviator.com\/wp-content\/uploads\/2012\/06\/Views.png\u00bb url=http:\/\/premiumcoding.com]Bouton[\/button_red_modern] [button_yellow_modern iconlink=\u00bbhttp:\/\/www.goaviator.com\/wp-content\/uploads\/2012\/06\/Down-2.png\u00bb url=http:\/\/premiumcoding.com]Bouton[\/button_yellow_modern] [button_orange_modern iconlink=\u00bbhttp:\/\/www.goaviator.com\/wp-content\/uploads\/2012\/06\/Image.png\u00bb url=http:\/\/premiumcoding.com]Bouton[\/button_orange_modern] [button_green_modern iconlink=\u00bbhttp:\/\/www.goaviator.com\/wp-content\/uploads\/2012\/06\/Link.png\u00bb url=http:\/\/premiumcoding.com]Bouton[\/button_green_modern] [button_pink_modern iconlink=\u00bbhttp:\/\/www.goaviator.com\/wp-content\/uploads\/2012\/06\/Search-1.png\u00bb url=http:\/\/premiumcoding.com]Bouton[\/button_pink_modern] [break]\n<p>&nbsp;<\/p>","protected":false},"excerpt":{"rendered":"<p>We have prepared a wide selection of buttons that you can add via shortcodes. Please note that at buttons with icons\u00a0you can add any icon that you wish with a simple link to the icon within the shortcode. The recommended size of the icons is 16 x 16. This is a convenient way to create [&#8230;]","protected":false},"author":2,"featured_media":0,"parent":0,"menu_order":0,"comment_status":"closed","ping_status":"open","template":"","meta":{"footnotes":""},"class_list":["post-4542","page","type-page","status-publish","hentry"],"yoast_head":"<!-- This site is optimized with the Yoast SEO plugin v25.4 - https:\/\/yoast.com\/wordpress\/plugins\/seo\/ -->\n<title>Buttons - GoAviator - Flieg mit echten Legenden.<\/title>\n<meta name=\"robots\" content=\"index, follow, max-snippet:-1, max-image-preview:large, max-video-preview:-1\" \/>\n<link rel=\"canonical\" href=\"https:\/\/www.goaviator.com\/fr\/buttons\/\" \/>\n<meta property=\"og:locale\" content=\"fr_FR\" \/>\n<meta property=\"og:type\" content=\"article\" \/>\n<meta property=\"og:title\" content=\"Buttons - GoAviator - Flieg mit echten Legenden.\" \/>\n<meta property=\"og:description\" content=\"We have prepared a wide selection of buttons that you can add via shortcodes. Please note that at buttons with icons\u00a0you can add any icon that you wish with a simple link to the icon within the shortcode. The recommended size of the icons is 16 x 16. This is a convenient way to create [...]\" \/>\n<meta property=\"og:url\" content=\"https:\/\/www.goaviator.com\/fr\/buttons\/\" \/>\n<meta property=\"og:site_name\" content=\"GoAviator - Flieg mit echten Legenden.\" \/>\n<meta property=\"article:publisher\" content=\"https:\/\/www.facebook.com\/GoAviator\/\" \/>\n<meta property=\"article:modified_time\" content=\"2014-05-26T20:33:43+00:00\" \/>\n<meta name=\"twitter:label1\" content=\"Dur\u00e9e de lecture estim\u00e9e\" \/>\n\t<meta name=\"twitter:data1\" content=\"3 minutes\" \/>\n<script type=\"application\/ld+json\" class=\"yoast-schema-graph\">{\"@context\":\"https:\/\/schema.org\",\"@graph\":[{\"@type\":\"WebPage\",\"@id\":\"https:\/\/www.goaviator.com\/buttons\",\"url\":\"https:\/\/www.goaviator.com\/buttons\",\"name\":\"Buttons - GoAviator - Flieg mit echten Legenden.\",\"isPartOf\":{\"@id\":\"http:\/\/www.goaviator.com\/fr\/#website\"},\"datePublished\":\"2012-06-02T11:48:36+00:00\",\"dateModified\":\"2014-05-26T20:33:43+00:00\",\"breadcrumb\":{\"@id\":\"https:\/\/www.goaviator.com\/buttons#breadcrumb\"},\"inLanguage\":\"fr-FR\",\"potentialAction\":[{\"@type\":\"ReadAction\",\"target\":[\"https:\/\/www.goaviator.com\/buttons\"]}]},{\"@type\":\"BreadcrumbList\",\"@id\":\"https:\/\/www.goaviator.com\/buttons#breadcrumb\",\"itemListElement\":[{\"@type\":\"ListItem\",\"position\":1,\"name\":\"Home\",\"item\":\"http:\/\/www.goaviator.com\/fr\/\"},{\"@type\":\"ListItem\",\"position\":2,\"name\":\"Buttons\"}]},{\"@type\":\"WebSite\",\"@id\":\"http:\/\/www.goaviator.com\/fr\/#website\",\"url\":\"http:\/\/www.goaviator.com\/fr\/\",\"name\":\"GoAviator - Flieg mit echten Legenden.\",\"description\":\"Flieg mit echten Legenden.\",\"publisher\":{\"@id\":\"http:\/\/www.goaviator.com\/fr\/#organization\"},\"potentialAction\":[{\"@type\":\"SearchAction\",\"target\":{\"@type\":\"EntryPoint\",\"urlTemplate\":\"http:\/\/www.goaviator.com\/fr\/?s={search_term_string}\"},\"query-input\":{\"@type\":\"PropertyValueSpecification\",\"valueRequired\":true,\"valueName\":\"search_term_string\"}}],\"inLanguage\":\"fr-FR\"},{\"@type\":\"Organization\",\"@id\":\"http:\/\/www.goaviator.com\/fr\/#organization\",\"name\":\"GoAviator - Flieg mit echten Legenden.\",\"url\":\"http:\/\/www.goaviator.com\/fr\/\",\"logo\":{\"@type\":\"ImageObject\",\"inLanguage\":\"fr-FR\",\"@id\":\"http:\/\/www.goaviator.com\/fr\/#\/schema\/logo\/image\/\",\"url\":\"https:\/\/www.goaviator.com\/wp-content\/uploads\/2025\/03\/cropped-logo_no_wings_green.gif\",\"contentUrl\":\"https:\/\/www.goaviator.com\/wp-content\/uploads\/2025\/03\/cropped-logo_no_wings_green.gif\",\"width\":512,\"height\":512,\"caption\":\"GoAviator - Flieg mit echten Legenden.\"},\"image\":{\"@id\":\"http:\/\/www.goaviator.com\/fr\/#\/schema\/logo\/image\/\"},\"sameAs\":[\"https:\/\/www.facebook.com\/GoAviator\/\",\"https:\/\/instagram.com\/goaviatorcom\"]}]}<\/script>\n<!-- \/ Yoast SEO plugin. -->","yoast_head_json":{"title":"Buttons - GoAviator - Flieg mit echten Legenden.","robots":{"index":"index","follow":"follow","max-snippet":"max-snippet:-1","max-image-preview":"max-image-preview:large","max-video-preview":"max-video-preview:-1"},"canonical":"https:\/\/www.goaviator.com\/fr\/buttons\/","og_locale":"fr_FR","og_type":"article","og_title":"Buttons - GoAviator - Flieg mit echten Legenden.","og_description":"We have prepared a wide selection of buttons that you can add via shortcodes. Please note that at buttons with icons\u00a0you can add any icon that you wish with a simple link to the icon within the shortcode. The recommended size of the icons is 16 x 16. This is a convenient way to create [...]","og_url":"https:\/\/www.goaviator.com\/fr\/buttons\/","og_site_name":"GoAviator - Flieg mit echten Legenden.","article_publisher":"https:\/\/www.facebook.com\/GoAviator\/","article_modified_time":"2014-05-26T20:33:43+00:00","twitter_misc":{"Dur\u00e9e de lecture estim\u00e9e":"3 minutes"},"schema":{"@context":"https:\/\/schema.org","@graph":[{"@type":"WebPage","@id":"https:\/\/www.goaviator.com\/buttons","url":"https:\/\/www.goaviator.com\/buttons","name":"Buttons - GoAviator - Flieg mit echten Legenden.","isPartOf":{"@id":"http:\/\/www.goaviator.com\/fr\/#website"},"datePublished":"2012-06-02T11:48:36+00:00","dateModified":"2014-05-26T20:33:43+00:00","breadcrumb":{"@id":"https:\/\/www.goaviator.com\/buttons#breadcrumb"},"inLanguage":"fr-FR","potentialAction":[{"@type":"ReadAction","target":["https:\/\/www.goaviator.com\/buttons"]}]},{"@type":"BreadcrumbList","@id":"https:\/\/www.goaviator.com\/buttons#breadcrumb","itemListElement":[{"@type":"ListItem","position":1,"name":"Home","item":"http:\/\/www.goaviator.com\/fr\/"},{"@type":"ListItem","position":2,"name":"Buttons"}]},{"@type":"WebSite","@id":"http:\/\/www.goaviator.com\/fr\/#website","url":"http:\/\/www.goaviator.com\/fr\/","name":"GoAviator - Flieg mit echten Legenden.","description":"Flieg mit echten Legenden.","publisher":{"@id":"http:\/\/www.goaviator.com\/fr\/#organization"},"potentialAction":[{"@type":"SearchAction","target":{"@type":"EntryPoint","urlTemplate":"http:\/\/www.goaviator.com\/fr\/?s={search_term_string}"},"query-input":{"@type":"PropertyValueSpecification","valueRequired":true,"valueName":"search_term_string"}}],"inLanguage":"fr-FR"},{"@type":"Organization","@id":"http:\/\/www.goaviator.com\/fr\/#organization","name":"GoAviator - Flieg mit echten Legenden.","url":"http:\/\/www.goaviator.com\/fr\/","logo":{"@type":"ImageObject","inLanguage":"fr-FR","@id":"http:\/\/www.goaviator.com\/fr\/#\/schema\/logo\/image\/","url":"https:\/\/www.goaviator.com\/wp-content\/uploads\/2025\/03\/cropped-logo_no_wings_green.gif","contentUrl":"https:\/\/www.goaviator.com\/wp-content\/uploads\/2025\/03\/cropped-logo_no_wings_green.gif","width":512,"height":512,"caption":"GoAviator - Flieg mit echten Legenden."},"image":{"@id":"http:\/\/www.goaviator.com\/fr\/#\/schema\/logo\/image\/"},"sameAs":["https:\/\/www.facebook.com\/GoAviator\/","https:\/\/instagram.com\/goaviatorcom"]}]}},"_links":{"self":[{"href":"http:\/\/www.goaviator.com\/fr\/wp-json\/wp\/v2\/pages\/4542","targetHints":{"allow":["GET"]}}],"collection":[{"href":"http:\/\/www.goaviator.com\/fr\/wp-json\/wp\/v2\/pages"}],"about":[{"href":"http:\/\/www.goaviator.com\/fr\/wp-json\/wp\/v2\/types\/page"}],"author":[{"embeddable":true,"href":"http:\/\/www.goaviator.com\/fr\/wp-json\/wp\/v2\/users\/2"}],"replies":[{"embeddable":true,"href":"http:\/\/www.goaviator.com\/fr\/wp-json\/wp\/v2\/comments?post=4542"}],"version-history":[{"count":1,"href":"http:\/\/www.goaviator.com\/fr\/wp-json\/wp\/v2\/pages\/4542\/revisions"}],"predecessor-version":[{"id":9475,"href":"http:\/\/www.goaviator.com\/fr\/wp-json\/wp\/v2\/pages\/4542\/revisions\/9475"}],"wp:attachment":[{"href":"http:\/\/www.goaviator.com\/fr\/wp-json\/wp\/v2\/media?parent=4542"}],"curies":[{"name":"wp","href":"https:\/\/api.w.org\/{rel}","templated":true}]}}