{"id":8811,"date":"2014-03-01T13:37:30","date_gmt":"2014-03-01T13:37:30","guid":{"rendered":"http:\/\/www.goaviator.com\/?page_id=8811"},"modified":"2014-03-01T14:28:59","modified_gmt":"2014-03-01T14:28:59","slug":"golden-aviators-club-members-lounge","status":"publish","type":"page","link":"http:\/\/www.goaviator.com\/fr\/golden-aviators-club\/golden-aviators-club-members-lounge","title":{"rendered":"Salon des membres du Golden Aviators Club"},"content":{"rendered":"<p style=\"text-align: center;\">[not_logged_in][error]Nos excuses, le contenu de cette page est disponible uniquement pour les utilisateurs enregistr\u00e9s.[\/error] [jfb_facebook_btn] [\/not_logged_in][restrict]\n<h1 style=\"text-align: center;\">Bienvenue au salon des membres des Golden Aviators<\/h1>\n<p style=\"text-align: center;\">Dans cet espace r\u00e9serv\u00e9 aux membres, vous trouverez des avantages exclusifs aux membres du Golden Aviators Club.<br \/>\n[un tiers]\n<h2>R\u00e9ductions sur les vols<\/h2>\n<p>Lors de la r\u00e9servation d&#039;un vol, utilisez le code promo suivant pour b\u00e9n\u00e9ficier d&#039;une r\u00e9duction 5% (applicable \u00e0 tous les vols sup\u00e9rieurs \u00e0 500\u20ac) :<\/p>\n[info]\n<em>Code promo :<\/em> <strong>Golden-Aviators-2489<\/strong><br \/>\n[\/info]\n<p>Vous pouvez saisir ce code sur la page de paiement de notre boutique en ligne.<\/p>\n[\/un_tiers][un_tiers]\n<h2>Bulletin<\/h2>\n<p>Vous recevrez \u00e0 intervalles irr\u00e9guliers des newsletters contenant nos initiatives les plus int\u00e9ressantes.<\/p>\n[\/one_third][one_third_last]\n<h2>T\u00e9l\u00e9chargements<\/h2>\n<p>Les t\u00e9l\u00e9chargements sont actuellement en cours de pr\u00e9paration et seront disponibles dans les prochaines semaines.<br \/>\n[\/one_third_last] [\/restrict]","protected":false},"excerpt":{"rendered":"[not_logged_in][error]Our Apologies, content on this page are available for registered users only.[\/error] [jfb_facebook_btn] [\/not_logged_in][restrict] Welcome to the Golden Aviators Members Lounge In this members-only area, you can find benefits exclusive to the members of the Golden Aviators Club. [one_third] Flight Discounts When booking a flight, use the following coupon code to receive a 5% discount [&#8230;]","protected":false},"author":1,"featured_media":0,"parent":2,"menu_order":0,"comment_status":"open","ping_status":"open","template":"","meta":{"footnotes":""},"class_list":["post-8811","page","type-page","status-publish","hentry"],"yoast_head":"<!-- This site is optimized with the Yoast SEO plugin v25.4 - https:\/\/yoast.com\/wordpress\/plugins\/seo\/ -->\n<title>Golden Aviators Club Members Lounge - GoAviator - Flieg mit echten Legenden.<\/title>\n<meta name=\"robots\" content=\"index, follow, max-snippet:-1, max-image-preview:large, max-video-preview:-1\" \/>\n<link rel=\"canonical\" href=\"http:\/\/www.goaviator.com\/fr\/golden-aviators-club\/golden-aviators-club-members-lounge\/\" \/>\n<meta property=\"og:locale\" content=\"fr_FR\" \/>\n<meta property=\"og:type\" content=\"article\" \/>\n<meta property=\"og:title\" content=\"Golden Aviators Club Members Lounge - GoAviator - Flieg mit echten Legenden.\" \/>\n<meta property=\"og:description\" content=\"[not_logged_in][error]Our Apologies, content on this page are available for registered users only.[\/error] [jfb_facebook_btn] [\/not_logged_in][restrict] Welcome to the Golden Aviators Members Lounge In this members-only area, you can find benefits exclusive to the members of the Golden Aviators Club. [one_third] Flight Discounts When booking a flight, use the following coupon code to receive a 5% discount [...]\" \/>\n<meta property=\"og:url\" content=\"http:\/\/www.goaviator.com\/fr\/golden-aviators-club\/golden-aviators-club-members-lounge\/\" \/>\n<meta property=\"og:site_name\" content=\"GoAviator - Flieg mit echten Legenden.\" \/>\n<meta property=\"article:publisher\" content=\"https:\/\/www.facebook.com\/GoAviator\/\" \/>\n<meta property=\"article:modified_time\" content=\"2014-03-01T14:28:59+00:00\" \/>\n<meta name=\"twitter:label1\" content=\"Dur\u00e9e de lecture estim\u00e9e\" \/>\n\t<meta name=\"twitter:data1\" content=\"1 minute\" \/>\n<script type=\"application\/ld+json\" class=\"yoast-schema-graph\">{\"@context\":\"https:\/\/schema.org\",\"@graph\":[{\"@type\":\"WebPage\",\"@id\":\"http:\/\/www.goaviator.com\/it\/golden-aviators-club\/golden-aviators-club-members-lounge\",\"url\":\"http:\/\/www.goaviator.com\/it\/golden-aviators-club\/golden-aviators-club-members-lounge\",\"name\":\"Golden Aviators Club Members Lounge - GoAviator - Flieg mit echten Legenden.\",\"isPartOf\":{\"@id\":\"http:\/\/www.goaviator.com\/en\/#website\"},\"datePublished\":\"2014-03-01T13:37:30+00:00\",\"dateModified\":\"2014-03-01T14:28:59+00:00\",\"breadcrumb\":{\"@id\":\"http:\/\/www.goaviator.com\/it\/golden-aviators-club\/golden-aviators-club-members-lounge#breadcrumb\"},\"inLanguage\":\"fr-FR\",\"potentialAction\":[{\"@type\":\"ReadAction\",\"target\":[\"http:\/\/www.goaviator.com\/it\/golden-aviators-club\/golden-aviators-club-members-lounge\"]}]},{\"@type\":\"BreadcrumbList\",\"@id\":\"http:\/\/www.goaviator.com\/it\/golden-aviators-club\/golden-aviators-club-members-lounge#breadcrumb\",\"itemListElement\":[{\"@type\":\"ListItem\",\"position\":1,\"name\":\"Home\",\"item\":\"http:\/\/www.goaviator.com\/en\/\"},{\"@type\":\"ListItem\",\"position\":2,\"name\":\"The Golden Aviators Club\",\"item\":\"http:\/\/www.goaviator.com\/it\/golden-aviators-club\"},{\"@type\":\"ListItem\",\"position\":3,\"name\":\"Golden Aviators Club Members Lounge\"}]},{\"@type\":\"WebSite\",\"@id\":\"http:\/\/www.goaviator.com\/en\/#website\",\"url\":\"http:\/\/www.goaviator.com\/en\/\",\"name\":\"GoAviator - Flieg mit echten Legenden.\",\"description\":\"Flieg mit echten Legenden.\",\"publisher\":{\"@id\":\"http:\/\/www.goaviator.com\/en\/#organization\"},\"potentialAction\":[{\"@type\":\"SearchAction\",\"target\":{\"@type\":\"EntryPoint\",\"urlTemplate\":\"http:\/\/www.goaviator.com\/en\/?s={search_term_string}\"},\"query-input\":{\"@type\":\"PropertyValueSpecification\",\"valueRequired\":true,\"valueName\":\"search_term_string\"}}],\"inLanguage\":\"fr-FR\"},{\"@type\":\"Organization\",\"@id\":\"http:\/\/www.goaviator.com\/en\/#organization\",\"name\":\"GoAviator - Flieg mit echten Legenden.\",\"url\":\"http:\/\/www.goaviator.com\/en\/\",\"logo\":{\"@type\":\"ImageObject\",\"inLanguage\":\"fr-FR\",\"@id\":\"http:\/\/www.goaviator.com\/en\/#\/schema\/logo\/image\/\",\"url\":\"https:\/\/www.goaviator.com\/wp-content\/uploads\/2025\/03\/cropped-logo_no_wings_green.gif\",\"contentUrl\":\"https:\/\/www.goaviator.com\/wp-content\/uploads\/2025\/03\/cropped-logo_no_wings_green.gif\",\"width\":512,\"height\":512,\"caption\":\"GoAviator - Flieg mit echten Legenden.\"},\"image\":{\"@id\":\"http:\/\/www.goaviator.com\/en\/#\/schema\/logo\/image\/\"},\"sameAs\":[\"https:\/\/www.facebook.com\/GoAviator\/\",\"https:\/\/instagram.com\/goaviatorcom\"]}]}<\/script>\n<!-- \/ Yoast SEO plugin. -->","yoast_head_json":{"title":"Golden Aviators Club Members Lounge - GoAviator - Flieg mit echten Legenden.","robots":{"index":"index","follow":"follow","max-snippet":"max-snippet:-1","max-image-preview":"max-image-preview:large","max-video-preview":"max-video-preview:-1"},"canonical":"http:\/\/www.goaviator.com\/fr\/golden-aviators-club\/golden-aviators-club-members-lounge\/","og_locale":"fr_FR","og_type":"article","og_title":"Golden Aviators Club Members Lounge - GoAviator - Flieg mit echten Legenden.","og_description":"[not_logged_in][error]Our Apologies, content on this page are available for registered users only.[\/error] [jfb_facebook_btn] [\/not_logged_in][restrict] Welcome to the Golden Aviators Members Lounge In this members-only area, you can find benefits exclusive to the members of the Golden Aviators Club. [one_third] Flight Discounts When booking a flight, use the following coupon code to receive a 5% discount [...]","og_url":"http:\/\/www.goaviator.com\/fr\/golden-aviators-club\/golden-aviators-club-members-lounge\/","og_site_name":"GoAviator - Flieg mit echten Legenden.","article_publisher":"https:\/\/www.facebook.com\/GoAviator\/","article_modified_time":"2014-03-01T14:28:59+00:00","twitter_misc":{"Dur\u00e9e de lecture estim\u00e9e":"1 minute"},"schema":{"@context":"https:\/\/schema.org","@graph":[{"@type":"WebPage","@id":"http:\/\/www.goaviator.com\/it\/golden-aviators-club\/golden-aviators-club-members-lounge","url":"http:\/\/www.goaviator.com\/it\/golden-aviators-club\/golden-aviators-club-members-lounge","name":"Golden Aviators Club Members Lounge - GoAviator - Flieg mit echten Legenden.","isPartOf":{"@id":"http:\/\/www.goaviator.com\/en\/#website"},"datePublished":"2014-03-01T13:37:30+00:00","dateModified":"2014-03-01T14:28:59+00:00","breadcrumb":{"@id":"http:\/\/www.goaviator.com\/it\/golden-aviators-club\/golden-aviators-club-members-lounge#breadcrumb"},"inLanguage":"fr-FR","potentialAction":[{"@type":"ReadAction","target":["http:\/\/www.goaviator.com\/it\/golden-aviators-club\/golden-aviators-club-members-lounge"]}]},{"@type":"BreadcrumbList","@id":"http:\/\/www.goaviator.com\/it\/golden-aviators-club\/golden-aviators-club-members-lounge#breadcrumb","itemListElement":[{"@type":"ListItem","position":1,"name":"Home","item":"http:\/\/www.goaviator.com\/en\/"},{"@type":"ListItem","position":2,"name":"The Golden Aviators Club","item":"http:\/\/www.goaviator.com\/it\/golden-aviators-club"},{"@type":"ListItem","position":3,"name":"Golden Aviators Club Members Lounge"}]},{"@type":"WebSite","@id":"http:\/\/www.goaviator.com\/en\/#website","url":"http:\/\/www.goaviator.com\/en\/","name":"GoAviator - Flieg mit echten Legenden.","description":"Flieg mit echten Legenden.","publisher":{"@id":"http:\/\/www.goaviator.com\/en\/#organization"},"potentialAction":[{"@type":"SearchAction","target":{"@type":"EntryPoint","urlTemplate":"http:\/\/www.goaviator.com\/en\/?s={search_term_string}"},"query-input":{"@type":"PropertyValueSpecification","valueRequired":true,"valueName":"search_term_string"}}],"inLanguage":"fr-FR"},{"@type":"Organization","@id":"http:\/\/www.goaviator.com\/en\/#organization","name":"GoAviator - Flieg mit echten Legenden.","url":"http:\/\/www.goaviator.com\/en\/","logo":{"@type":"ImageObject","inLanguage":"fr-FR","@id":"http:\/\/www.goaviator.com\/en\/#\/schema\/logo\/image\/","url":"https:\/\/www.goaviator.com\/wp-content\/uploads\/2025\/03\/cropped-logo_no_wings_green.gif","contentUrl":"https:\/\/www.goaviator.com\/wp-content\/uploads\/2025\/03\/cropped-logo_no_wings_green.gif","width":512,"height":512,"caption":"GoAviator - Flieg mit echten Legenden."},"image":{"@id":"http:\/\/www.goaviator.com\/en\/#\/schema\/logo\/image\/"},"sameAs":["https:\/\/www.facebook.com\/GoAviator\/","https:\/\/instagram.com\/goaviatorcom"]}]}},"_links":{"self":[{"href":"http:\/\/www.goaviator.com\/fr\/wp-json\/wp\/v2\/pages\/8811","targetHints":{"allow":["GET"]}}],"collection":[{"href":"http:\/\/www.goaviator.com\/fr\/wp-json\/wp\/v2\/pages"}],"about":[{"href":"http:\/\/www.goaviator.com\/fr\/wp-json\/wp\/v2\/types\/page"}],"author":[{"embeddable":true,"href":"http:\/\/www.goaviator.com\/fr\/wp-json\/wp\/v2\/users\/1"}],"replies":[{"embeddable":true,"href":"http:\/\/www.goaviator.com\/fr\/wp-json\/wp\/v2\/comments?post=8811"}],"version-history":[{"count":20,"href":"http:\/\/www.goaviator.com\/fr\/wp-json\/wp\/v2\/pages\/8811\/revisions"}],"predecessor-version":[{"id":8824,"href":"http:\/\/www.goaviator.com\/fr\/wp-json\/wp\/v2\/pages\/8811\/revisions\/8824"}],"up":[{"embeddable":true,"href":"http:\/\/www.goaviator.com\/fr\/wp-json\/wp\/v2\/pages\/2"}],"wp:attachment":[{"href":"http:\/\/www.goaviator.com\/fr\/wp-json\/wp\/v2\/media?parent=8811"}],"curies":[{"name":"wp","href":"https:\/\/api.w.org\/{rel}","templated":true}]}}