{"id":4780,"date":"2012-06-25T19:27:24","date_gmt":"2012-06-25T19:27:24","guid":{"rendered":"http:\/\/elegantica.premiumcoding.com\/?page_id=4780"},"modified":"2019-11-07T12:20:15","modified_gmt":"2019-11-07T12:20:15","slug":"team","status":"publish","type":"page","link":"http:\/\/www.goaviator.com\/it\/team","title":{"rendered":"Il nostro team dedicato"},"content":{"rendered":"<div class=\"message-box relative dark\" style=\"padding-top:15px;padding-bottom:15px;\"><div class=\"message-box-bg-image bg-fill fill\" style=\"background-image:url(#hex or http:\/\/imageurl);\"><\/div><div class=\"message-box-bg-overlay bg-fill fill\" ><\/div><div class=\"container relative\"><div class=\"inner last-reset\">\n<p><span style=\"color: #000000;\"><strong>Trasmettere emozioni emozionanti con passione<\/strong><\/span><\/p>\n<p><span style=\"color: #000000;\">In 10 anni abbiamo organizzato voli con oltre 20 tipi di aeromobili in pi\u00f9 di 10 Paesi.<\/span><\/p>\n<\/div><\/div><\/div>\n<div class=\"row\"  id=\"row-720368141\">\n\n\t<div id=\"col-25638077\" class=\"col medium-6 large-6\"  >\n\t\t\t\t<div class=\"col-inner\"  >\n\t\t\t\n\t\t\t\n    <div class=\"box has-hover has-hover box-text-bottom\" >\n\n                  <div class=\"box-image\" >\n           <div class=\"box-image-inner image-cover\" style=\"padding-top:100%;\">\n              <img loading=\"lazy\" decoding=\"async\" width=\"601\" height=\"481\" src=\"http:\/\/www.goaviator.com\/wp-content\/uploads\/2019\/11\/Philipp-Schaer-MiGFlug-small.jpg\" class=\"attachment- size-\" alt=\"Philipp Schaer GoAviator\" srcset=\"http:\/\/www.goaviator.com\/wp-content\/uploads\/2019\/11\/Philipp-Schaer-MiGFlug-small.jpg 601w, http:\/\/www.goaviator.com\/wp-content\/uploads\/2019\/11\/Philipp-Schaer-MiGFlug-small-510x408.jpg 510w\" sizes=\"auto, (max-width: 601px) 100vw, 601px\" \/>                         <\/div>\n          <\/div>\n         \n          <div class=\"box-text text-center\" >\n                <div class=\"box-text-inner\">\n                  <h4 class=\"uppercase\">\n                    <span class=\"person-name\">Philipp Schaer<\/span><br\/>\n                    <span class=\"person-title is-small thin-font op-7\">\n                      Socio fondatore, CEO                    <\/span>\n                  <\/h4>\n\t\t\t\t\t<div class=\"social-icons follow-icons\" ><a href=\"http:\/\/\" target=\"_blank\" data-label=\"Facebook\" class=\"icon button circle is-outline facebook tooltip\" title=\"Seguici su Facebook\" aria-label=\"Seguici su Facebook\" rel=\"noopener nofollow\" ><i class=\"icon-facebook\" ><\/i><\/a><a href=\"http:\/\/\" data-label=\"Twitter\" target=\"_blank\" class=\"icon button circle is-outline twitter tooltip\" title=\"Seguici su Twitter\" aria-label=\"Seguici su Twitter\" rel=\"noopener nofollow\" ><i class=\"icon-twitter\" ><\/i><\/a><a href=\"http:\/\/\" data-label=\"Pinterest\" target=\"_blank\" class=\"icon button circle is-outline pinterest tooltip\" title=\"Seguici su Pinterest\" aria-label=\"Seguici su Pinterest\" rel=\"noopener nofollow\" ><i class=\"icon-pinterest\" ><\/i><\/a><\/div>\n<p><span style=\"color: #595959;\">Philipp gestisce l&#039;azienda. Poich\u00e9 i suoi compiti principali includono strategia, contabilit\u00e0, consulenza alle vendite e gestione dei conti, probabilmente lo contatterai se prenoti un volo.<\/span><\/p>\n                <\/div>\n          <\/div>\n    <\/div>\n\n\t\n    \n\t\t<\/div>\n\t\t\t\t\t<\/div>\n\n\t\n\n\t<div id=\"col-509705341\" class=\"col medium-6 large-6\"  >\n\t\t\t\t<div class=\"col-inner\"  >\n\t\t\t\n\t\t\t\n    <div class=\"box has-hover has-hover box-text-bottom\" >\n\n                  <div class=\"box-image\" >\n           <div class=\"box-image-inner image-cover\" style=\"padding-top:100%;\">\n              <img decoding=\"async\" src=\"http:\/\/www.goaviator.com\/wp-content\/uploads\/2014\/02\/fk-11.jpg\" alt=\"bg_image\"\/>                         <\/div>\n          <\/div>\n         \n          <div class=\"box-text text-center\" >\n                <div class=\"box-text-inner\">\n                  <h4 class=\"uppercase\">\n                    <span class=\"person-name\">Flavio Kaufmann<\/span><br\/>\n                    <span class=\"person-title is-small thin-font op-7\">\n                      Socio fondatore, CIO                    <\/span>\n                  <\/h4>\n\t\t\t\t\t<div class=\"social-icons follow-icons\" ><a href=\"http:\/\/www.twitter.com\/flavio8004\" data-label=\"Twitter\" target=\"_blank\" class=\"icon button circle is-outline twitter tooltip\" title=\"Seguici su Twitter\" aria-label=\"Seguici su Twitter\" rel=\"noopener nofollow\" ><i class=\"icon-twitter\" ><\/i><\/a><a href=\"http:\/\/ch.linkedin.com\/in\/flaviokaufmann\/\" data-label=\"LinkedIn\" target=\"_blank\" class=\"icon button circle is-outline linkedin tooltip\" title=\"Seguici su LinkedIn\" aria-label=\"Seguici su LinkedIn\" rel=\"noopener nofollow\" ><i class=\"icon-linkedin\" ><\/i><\/a><\/div>\n<p><span style=\"color: #595959;\">Flavio \u00e8 tutto ci\u00f2 che \u00e8 digitale. \u00c8 responsabile di tutta la nostra tecnologia, come i siti web, i sistemi di prenotazione e il CRM.<\/span><\/p>\n                <\/div>\n          <\/div>\n    <\/div>\n\n\t\n    \n\t\t<\/div>\n\t\t\t\t\t<\/div>\n\n\t\n<\/div>\n<p>&nbsp;<\/p>\n<p>&nbsp;<\/p>","protected":false},"excerpt":{"rendered":"<p>&nbsp; &nbsp;<\/p>","protected":false},"author":2,"featured_media":0,"parent":0,"menu_order":0,"comment_status":"closed","ping_status":"closed","template":"page-blank-title-center.php","meta":{"footnotes":""},"class_list":["post-4780","page","type-page","status-publish","hentry"],"yoast_head":"<!-- This site is optimized with the Yoast SEO plugin v25.4 - https:\/\/yoast.com\/wordpress\/plugins\/seo\/ -->\n<title>Our Dedicated Team - GoAviator - Flieg mit echten Legenden.<\/title>\n<meta name=\"robots\" content=\"index, follow, max-snippet:-1, max-image-preview:large, max-video-preview:-1\" \/>\n<link rel=\"canonical\" href=\"https:\/\/www.goaviator.com\/it\/team\/\" \/>\n<meta property=\"og:locale\" content=\"it_IT\" \/>\n<meta property=\"og:type\" content=\"article\" \/>\n<meta property=\"og:title\" content=\"Our Dedicated Team - GoAviator - Flieg mit echten Legenden.\" \/>\n<meta property=\"og:description\" content=\"&nbsp; &nbsp;\" \/>\n<meta property=\"og:url\" content=\"https:\/\/www.goaviator.com\/it\/team\/\" \/>\n<meta property=\"og:site_name\" content=\"GoAviator - Flieg mit echten Legenden.\" \/>\n<meta property=\"article:publisher\" content=\"https:\/\/www.facebook.com\/GoAviator\/\" \/>\n<meta property=\"article:modified_time\" content=\"2019-11-07T12:20:15+00:00\" \/>\n<meta name=\"twitter:label1\" content=\"Tempo di lettura stimato\" \/>\n\t<meta name=\"twitter:data1\" content=\"1 minuto\" \/>\n<script type=\"application\/ld+json\" class=\"yoast-schema-graph\">{\"@context\":\"https:\/\/schema.org\",\"@graph\":[{\"@type\":\"WebPage\",\"@id\":\"https:\/\/www.goaviator.com\/team\",\"url\":\"https:\/\/www.goaviator.com\/team\",\"name\":\"Our Dedicated Team - GoAviator - Flieg mit echten Legenden.\",\"isPartOf\":{\"@id\":\"https:\/\/www.goaviator.com\/it\/#website\"},\"datePublished\":\"2012-06-25T19:27:24+00:00\",\"dateModified\":\"2019-11-07T12:20:15+00:00\",\"breadcrumb\":{\"@id\":\"https:\/\/www.goaviator.com\/team#breadcrumb\"},\"inLanguage\":\"it-IT\",\"potentialAction\":[{\"@type\":\"ReadAction\",\"target\":[\"https:\/\/www.goaviator.com\/team\"]}]},{\"@type\":\"BreadcrumbList\",\"@id\":\"https:\/\/www.goaviator.com\/team#breadcrumb\",\"itemListElement\":[{\"@type\":\"ListItem\",\"position\":1,\"name\":\"Home\",\"item\":\"https:\/\/www.goaviator.com\/it\/\"},{\"@type\":\"ListItem\",\"position\":2,\"name\":\"Our Dedicated Team\"}]},{\"@type\":\"WebSite\",\"@id\":\"https:\/\/www.goaviator.com\/it\/#website\",\"url\":\"https:\/\/www.goaviator.com\/it\/\",\"name\":\"GoAviator - Flieg mit echten Legenden.\",\"description\":\"Flieg mit echten Legenden.\",\"publisher\":{\"@id\":\"https:\/\/www.goaviator.com\/it\/#organization\"},\"potentialAction\":[{\"@type\":\"SearchAction\",\"target\":{\"@type\":\"EntryPoint\",\"urlTemplate\":\"https:\/\/www.goaviator.com\/it\/?s={search_term_string}\"},\"query-input\":{\"@type\":\"PropertyValueSpecification\",\"valueRequired\":true,\"valueName\":\"search_term_string\"}}],\"inLanguage\":\"it-IT\"},{\"@type\":\"Organization\",\"@id\":\"https:\/\/www.goaviator.com\/it\/#organization\",\"name\":\"GoAviator - Flieg mit echten Legenden.\",\"url\":\"https:\/\/www.goaviator.com\/it\/\",\"logo\":{\"@type\":\"ImageObject\",\"inLanguage\":\"it-IT\",\"@id\":\"https:\/\/www.goaviator.com\/it\/#\/schema\/logo\/image\/\",\"url\":\"https:\/\/www.goaviator.com\/wp-content\/uploads\/2025\/03\/cropped-logo_no_wings_green.gif\",\"contentUrl\":\"https:\/\/www.goaviator.com\/wp-content\/uploads\/2025\/03\/cropped-logo_no_wings_green.gif\",\"width\":512,\"height\":512,\"caption\":\"GoAviator - Flieg mit echten Legenden.\"},\"image\":{\"@id\":\"https:\/\/www.goaviator.com\/it\/#\/schema\/logo\/image\/\"},\"sameAs\":[\"https:\/\/www.facebook.com\/GoAviator\/\",\"https:\/\/instagram.com\/goaviatorcom\"]}]}<\/script>\n<!-- \/ Yoast SEO plugin. -->","yoast_head_json":{"title":"Our Dedicated Team - GoAviator - Flieg mit echten Legenden.","robots":{"index":"index","follow":"follow","max-snippet":"max-snippet:-1","max-image-preview":"max-image-preview:large","max-video-preview":"max-video-preview:-1"},"canonical":"https:\/\/www.goaviator.com\/it\/team\/","og_locale":"it_IT","og_type":"article","og_title":"Our Dedicated Team - GoAviator - Flieg mit echten Legenden.","og_description":"&nbsp; &nbsp;","og_url":"https:\/\/www.goaviator.com\/it\/team\/","og_site_name":"GoAviator - Flieg mit echten Legenden.","article_publisher":"https:\/\/www.facebook.com\/GoAviator\/","article_modified_time":"2019-11-07T12:20:15+00:00","twitter_misc":{"Tempo di lettura stimato":"1 minuto"},"schema":{"@context":"https:\/\/schema.org","@graph":[{"@type":"WebPage","@id":"https:\/\/www.goaviator.com\/team","url":"https:\/\/www.goaviator.com\/team","name":"Our Dedicated Team - GoAviator - Flieg mit echten Legenden.","isPartOf":{"@id":"https:\/\/www.goaviator.com\/it\/#website"},"datePublished":"2012-06-25T19:27:24+00:00","dateModified":"2019-11-07T12:20:15+00:00","breadcrumb":{"@id":"https:\/\/www.goaviator.com\/team#breadcrumb"},"inLanguage":"it-IT","potentialAction":[{"@type":"ReadAction","target":["https:\/\/www.goaviator.com\/team"]}]},{"@type":"BreadcrumbList","@id":"https:\/\/www.goaviator.com\/team#breadcrumb","itemListElement":[{"@type":"ListItem","position":1,"name":"Home","item":"https:\/\/www.goaviator.com\/it\/"},{"@type":"ListItem","position":2,"name":"Our Dedicated Team"}]},{"@type":"WebSite","@id":"https:\/\/www.goaviator.com\/it\/#website","url":"https:\/\/www.goaviator.com\/it\/","name":"GoAviator - Flieg mit echten Legenden.","description":"Flieg mit echten Legenden.","publisher":{"@id":"https:\/\/www.goaviator.com\/it\/#organization"},"potentialAction":[{"@type":"SearchAction","target":{"@type":"EntryPoint","urlTemplate":"https:\/\/www.goaviator.com\/it\/?s={search_term_string}"},"query-input":{"@type":"PropertyValueSpecification","valueRequired":true,"valueName":"search_term_string"}}],"inLanguage":"it-IT"},{"@type":"Organization","@id":"https:\/\/www.goaviator.com\/it\/#organization","name":"GoAviator - Flieg mit echten Legenden.","url":"https:\/\/www.goaviator.com\/it\/","logo":{"@type":"ImageObject","inLanguage":"it-IT","@id":"https:\/\/www.goaviator.com\/it\/#\/schema\/logo\/image\/","url":"https:\/\/www.goaviator.com\/wp-content\/uploads\/2025\/03\/cropped-logo_no_wings_green.gif","contentUrl":"https:\/\/www.goaviator.com\/wp-content\/uploads\/2025\/03\/cropped-logo_no_wings_green.gif","width":512,"height":512,"caption":"GoAviator - Flieg mit echten Legenden."},"image":{"@id":"https:\/\/www.goaviator.com\/it\/#\/schema\/logo\/image\/"},"sameAs":["https:\/\/www.facebook.com\/GoAviator\/","https:\/\/instagram.com\/goaviatorcom"]}]}},"_links":{"self":[{"href":"http:\/\/www.goaviator.com\/it\/wp-json\/wp\/v2\/pages\/4780","targetHints":{"allow":["GET"]}}],"collection":[{"href":"http:\/\/www.goaviator.com\/it\/wp-json\/wp\/v2\/pages"}],"about":[{"href":"http:\/\/www.goaviator.com\/it\/wp-json\/wp\/v2\/types\/page"}],"author":[{"embeddable":true,"href":"http:\/\/www.goaviator.com\/it\/wp-json\/wp\/v2\/users\/2"}],"replies":[{"embeddable":true,"href":"http:\/\/www.goaviator.com\/it\/wp-json\/wp\/v2\/comments?post=4780"}],"version-history":[{"count":15,"href":"http:\/\/www.goaviator.com\/it\/wp-json\/wp\/v2\/pages\/4780\/revisions"}],"predecessor-version":[{"id":10164,"href":"http:\/\/www.goaviator.com\/it\/wp-json\/wp\/v2\/pages\/4780\/revisions\/10164"}],"wp:attachment":[{"href":"http:\/\/www.goaviator.com\/it\/wp-json\/wp\/v2\/media?parent=4780"}],"curies":[{"name":"wp","href":"https:\/\/api.w.org\/{rel}","templated":true}]}}