{"id":9157,"date":"2014-03-15T12:57:46","date_gmt":"2014-03-15T12:57:46","guid":{"rendered":"http:\/\/www.goaviator.com\/flight\/geschenkgutschein\/"},"modified":"2025-05-08T08:51:54","modified_gmt":"2025-05-08T08:51:54","slug":"geschenkgutschein","status":"publish","type":"product","link":"https:\/\/www.goaviator.com\/en\/flug\/geschenkgutschein","title":{"rendered":"Gift voucher"},"content":{"rendered":"<h1><div class=\"message-box relative dark\" style=\"padding-top:15px;padding-bottom:15px;\"><div class=\"message-box-bg-image bg-fill fill\" ><\/div><div class=\"message-box-bg-overlay bg-fill fill\" ><\/div><div class=\"container relative\"><div class=\"inner last-reset\"> The ultimate gift for adrenaline junkies and aviation fans<\/div><\/div><\/div><\/h1>\n<div class=\"row\"  id=\"row-1694605817\">\n\n\t<div id=\"col-1380139127\" class=\"col medium-1\/2 large-6\"  >\n\t\t\t\t<div class=\"col-inner\"  >\n\t\t\t\n\t\t\t\n<p>Would you like to give the gift of an unforgettable flight adventure but aren&#039;t sure which flight to choose? No problem! Our voucher can be used for all flights. The lucky recipient can easily book the flight of their choice and enjoy a fantastic flight adventure according to their own preferences. Of course, we&#039;re also happy to advise and demonstrate the advantages of the various offers from [two_thirds]\n<h2>Aviation freaks and adrenaline junkies: Attention!<\/h2>\n<p>Our wide range of flight adventures includes:<\/p>\n<ul>\n<li>Flying a warbird<\/li>\n<li>Biplanes fly<\/li>\n<li>Sporty acrobatic flying<\/li>\n<li>fly a fighter jet<\/li>\n<li>Supersonic flight<\/li>\n<li>Sightseeing flights<\/li>\n<li>Try flying<\/li>\n<li>flight training<\/li>\n<li>Fun flights<\/li>\n<li>Panoramic sightseeing flights<\/li>\n<\/ul>\n<p>The recipient can easily redeem their flight on our GoAviator website \u2013 depending on the voucher value and their preferred flight adventure. The redemption process is simple:<\/p>\n<ul>\n<li>Select flight<\/li>\n<li>Enter voucher code<\/li>\n<li>Confirm<\/li>\n<\/ul>\n<p>And of course, we&#039;re happy to help if the recipient needs a few insider tips.<\/p>\n\t\t<\/div>\n\t\t\t\t\t<\/div>\n\n\t\n\n\t<div id=\"col-1678117916\" class=\"col medium-1\/2 large-6\"  >\n\t\t\t\t<div class=\"col-inner\"  >\n\t\t\t\n\t\t\t\n\t<div id=\"accordion-900271016\" class=\"accordion-item\">\n\t\t<a id=\"accordion-900271016-label\" class=\"accordion-title plain\" href=\"#accordion-item-wie-kaufe-ich-einen-gutschein?\" aria-expanded=\"false\" aria-controls=\"accordion-900271016-content\" >\n\t\t\t<button class=\"toggle\" aria-label=\"Toggle\"><i class=\"icon-angle-down\"><\/i><\/button>\n\t\t\t<span>How do I buy a voucher?<\/span>\n\t\t<\/a>\n\t\t<div id=\"accordion-900271016-content\" class=\"accordion-inner\" aria-labelledby=\"accordion-900271016-label\" >\n\t\t\t\nSimply select the desired voucher value on the left and then follow the payment process.<br \/>\n\t\t<\/div>\n\t<\/div>\n\t\n\t<div id=\"accordion-3916457073\" class=\"accordion-item\">\n\t\t<a id=\"accordion-3916457073-label\" class=\"accordion-title plain\" href=\"#accordion-item-wie-l\u00f6se-ich-einen-gutschein-ein?\" aria-expanded=\"false\" aria-controls=\"accordion-3916457073-content\" >\n\t\t\t<button class=\"toggle\" aria-label=\"Toggle\"><i class=\"icon-angle-down\"><\/i><\/button>\n\t\t\t<span>How do I redeem a voucher?<\/span>\n\t\t<\/a>\n\t\t<div id=\"accordion-3916457073-content\" class=\"accordion-inner\" aria-labelledby=\"accordion-3916457073-label\" >\n\t\t\t\nPlease contact us by email or contact form, stating the voucher number, the desired flight and the date.<br \/>\n\t\t<\/div>\n\t<\/div>\n\t\n\t<div id=\"accordion-3076009850\" class=\"accordion-item\">\n\t\t<a id=\"accordion-3076009850-label\" class=\"accordion-title plain\" href=\"#accordion-item-wie-lange-ist-ein-gutschein-g\u00fcltig?\" aria-expanded=\"false\" aria-controls=\"accordion-3076009850-content\" >\n\t\t\t<button class=\"toggle\" aria-label=\"Toggle\"><i class=\"icon-angle-down\"><\/i><\/button>\n\t\t\t<span>How long is a voucher valid?<\/span>\n\t\t<\/a>\n\t\t<div id=\"accordion-3076009850-content\" class=\"accordion-inner\" aria-labelledby=\"accordion-3076009850-label\" >\n\t\t\t\nOur vouchers are generally valid for one year.<br \/>\n\t\t<\/div>\n\t<\/div>\n\t\n\t<div id=\"accordion-599253480\" class=\"accordion-item\">\n\t\t<a id=\"accordion-599253480-label\" class=\"accordion-title plain\" href=\"#accordion-item-was-passiert,-wenn-ich-einen-teureren-flug-m\u00f6chte?\" aria-expanded=\"false\" aria-controls=\"accordion-599253480-content\" >\n\t\t\t<button class=\"toggle\" aria-label=\"Toggle\"><i class=\"icon-angle-down\"><\/i><\/button>\n\t\t\t<span>What happens if I want a more expensive flight?<\/span>\n\t\t<\/a>\n\t\t<div id=\"accordion-599253480-content\" class=\"accordion-inner\" aria-labelledby=\"accordion-599253480-label\" >\n\t\t\t\nOf course, you have the option of booking a more expensive flight. The voucher value will be accepted as a deposit.<br \/>\n\t\t<\/div>\n\t<\/div>\n\t\n\t<div id=\"accordion-2226593227\" class=\"accordion-item\">\n\t\t<a id=\"accordion-2226593227-label\" class=\"accordion-title plain\" href=\"#accordion-item-kann-ich-mehrere-gutscheine-kombinieren?\" aria-expanded=\"false\" aria-controls=\"accordion-2226593227-content\" >\n\t\t\t<button class=\"toggle\" aria-label=\"Toggle\"><i class=\"icon-angle-down\"><\/i><\/button>\n\t\t\t<span>Can I combine multiple vouchers?<\/span>\n\t\t<\/a>\n\t\t<div id=\"accordion-2226593227-content\" class=\"accordion-inner\" aria-labelledby=\"accordion-2226593227-label\" >\n\t\t\t\nAbsolutely, you can combine as many vouchers as you like.<br \/>\n\t\t<\/div>\n\t<\/div>\n\t\n\t<div id=\"accordion-2134253914\" class=\"accordion-item\">\n\t\t<a id=\"accordion-2134253914-label\" class=\"accordion-title plain\" href=\"#accordion-item-wird-bei-einem-g\u00fcnstigen-flug-die-differenz-zum-gutscheinpreis-zur\u00fcckerstattet?\" aria-expanded=\"false\" aria-controls=\"accordion-2134253914-content\" >\n\t\t\t<button class=\"toggle\" aria-label=\"Toggle\"><i class=\"icon-angle-down\"><\/i><\/button>\n\t\t\t<span>If I book a cheap flight, will the difference between the voucher price and the flight ticket be refunded?<\/span>\n\t\t<\/a>\n\t\t<div id=\"accordion-2134253914-content\" class=\"accordion-inner\" aria-labelledby=\"accordion-2134253914-label\" >\n\t\t\t\nUnfortunately, a refund or payment of any price difference is not possible. We therefore recommend choosing a flight that matches the voucher value.<br \/>\n\t\t<\/div>\n\t<\/div>\n\t\n[\/accordion]\n<h3><strong>Your gift voucher<\/strong><\/h3>\n<p><a href=\"http:\/\/www.goaviator.com\/wp-content\/uploads\/2014\/03\/goaviator-classic-voucher.jpg\"><img loading=\"lazy\" decoding=\"async\" src=\"http:\/\/www.goaviator.com\/wp-content\/uploads\/2014\/03\/goaviator-classic-voucher-217x300.jpg\" alt=\"Classig GoAviator Voucher\" width=\"217\" height=\"300\" \/><\/a>\u00a0[\/one_third_last]\n\t\t<\/div>\n\t\t\t\t\t<\/div>\n\n\t\n<\/div>","protected":false},"excerpt":{"rendered":"<p>Looking for a unique gift but not sure which flight to choose? No problem. In this case, a gift voucher is probably the best choice. It allows the recipient to choose their flight voucher from a variety of truly unique and one-of-a-kind flights \u2013 from a vintage open-top biplane to a supersonic fighter jet. We offer fantastic deals in various categories and at numerous locations.<\/p>","protected":false},"featured_media":9044,"template":"","meta":[],"product_brand":[],"product_cat":[363],"product_tag":[381,389,373,388,404,488,371,378],"class_list":{"0":"post-9157","1":"product","2":"type-product","3":"status-publish","4":"has-post-thumbnail","6":"product_cat-geschenkgutschein","7":"product_tag-firmenanlass","8":"product_tag-flug-als-geschenk","9":"product_tag-geburtstag","10":"product_tag-geschenk","11":"product_tag-gunstiger-preis","12":"product_tag-hochzeit","13":"product_tag-junggesellenabend","14":"product_tag-weihnachten","15":"pa_flugplatz-uberall","16":"pa_flugplatz-land-alle-lander","17":"pa_gutscheinwert-100-de","18":"pa_gutscheinwert-1000-de","19":"pa_gutscheinwert-1500-de","20":"pa_gutscheinwert-200-de","21":"pa_gutscheinwert-2000-de","22":"pa_gutscheinwert-2500-2","23":"pa_gutscheinwert-300-de","24":"pa_gutscheinwert-500-de","25":"pa_gutscheinwert-750-de","27":"first","28":"instock","29":"shipping-taxable","30":"purchasable","31":"product-type-variable"},"yoast_head":"<!-- This site is optimized with the Yoast SEO plugin v25.4 - https:\/\/yoast.com\/wordpress\/plugins\/seo\/ -->\n<title>Geschenkgutschein - GoAviator - Flieg mit echten Legenden.<\/title>\n<meta name=\"robots\" content=\"index, follow, max-snippet:-1, max-image-preview:large, max-video-preview:-1\" \/>\n<link rel=\"canonical\" href=\"https:\/\/www.goaviator.com\/en\/flug\/geschenkgutschein\/\" \/>\n<meta property=\"og:locale\" content=\"en_US\" \/>\n<meta property=\"og:type\" content=\"article\" \/>\n<meta property=\"og:title\" content=\"Geschenkgutschein - GoAviator - Flieg mit echten Legenden.\" \/>\n<meta property=\"og:description\" content=\"Auf der Suche nach einem einzigartigen Geschenk aber nicht sicher welchen Flug Sie w\u00e4hlen sollen? Kein Problem. In diesem Fall ist ein Geschenkgutschein vermutlich die beste Wahl. Es erlaubt dem Beschenkten seinen Fluggutschein aus einer Vielzahl von wirklich einzigartigen und einmaligen Fl\u00fcgen zu w\u00e4hlen - vom offenen historischen Doppeldecker bis zum \u00dcberschall-Kampfjetflug. Wir bieten fantastische Angebote in verschiedenen Kategorien und an zahlreichen Standorten.\" \/>\n<meta property=\"og:url\" content=\"https:\/\/www.goaviator.com\/en\/flug\/geschenkgutschein\/\" \/>\n<meta property=\"og:site_name\" content=\"GoAviator - Flieg mit echten Legenden.\" \/>\n<meta property=\"article:publisher\" content=\"https:\/\/www.facebook.com\/GoAviator\/\" \/>\n<meta property=\"article:modified_time\" content=\"2025-05-08T08:51:54+00:00\" \/>\n<meta property=\"og:image\" content=\"https:\/\/www.goaviator.com\/wp-content\/uploads\/2014\/03\/goaviator-classic-voucher.jpg\" \/>\n\t<meta property=\"og:image:width\" content=\"1575\" \/>\n\t<meta property=\"og:image:height\" content=\"2175\" \/>\n\t<meta property=\"og:image:type\" content=\"image\/jpeg\" \/>\n<meta name=\"twitter:label1\" content=\"Est. reading time\" \/>\n\t<meta name=\"twitter:data1\" content=\"3 minutes\" \/>\n<script type=\"application\/ld+json\" class=\"yoast-schema-graph\">{\"@context\":\"https:\/\/schema.org\",\"@graph\":[{\"@type\":\"WebPage\",\"@id\":\"https:\/\/www.goaviator.com\/flug\/geschenkgutschein\",\"url\":\"https:\/\/www.goaviator.com\/flug\/geschenkgutschein\",\"name\":\"Geschenkgutschein - GoAviator - Flieg mit echten Legenden.\",\"isPartOf\":{\"@id\":\"http:\/\/www.goaviator.com\/en\/#website\"},\"primaryImageOfPage\":{\"@id\":\"https:\/\/www.goaviator.com\/flug\/geschenkgutschein#primaryimage\"},\"image\":{\"@id\":\"https:\/\/www.goaviator.com\/flug\/geschenkgutschein#primaryimage\"},\"thumbnailUrl\":\"https:\/\/www.goaviator.com\/wp-content\/uploads\/2014\/03\/goaviator-classic-voucher.jpg\",\"datePublished\":\"2014-03-15T12:57:46+00:00\",\"dateModified\":\"2025-05-08T08:51:54+00:00\",\"breadcrumb\":{\"@id\":\"https:\/\/www.goaviator.com\/flug\/geschenkgutschein#breadcrumb\"},\"inLanguage\":\"en-US\",\"potentialAction\":[{\"@type\":\"ReadAction\",\"target\":[\"https:\/\/www.goaviator.com\/flug\/geschenkgutschein\"]}]},{\"@type\":\"ImageObject\",\"inLanguage\":\"en-US\",\"@id\":\"https:\/\/www.goaviator.com\/flug\/geschenkgutschein#primaryimage\",\"url\":\"https:\/\/www.goaviator.com\/wp-content\/uploads\/2014\/03\/goaviator-classic-voucher.jpg\",\"contentUrl\":\"https:\/\/www.goaviator.com\/wp-content\/uploads\/2014\/03\/goaviator-classic-voucher.jpg\",\"width\":1575,\"height\":2175,\"caption\":\"goaviator-klassisch-gutschein\"},{\"@type\":\"BreadcrumbList\",\"@id\":\"https:\/\/www.goaviator.com\/flug\/geschenkgutschein#breadcrumb\",\"itemListElement\":[{\"@type\":\"ListItem\",\"position\":1,\"name\":\"Home\",\"item\":\"http:\/\/www.goaviator.com\/en\/\"},{\"@type\":\"ListItem\",\"position\":2,\"name\":\"Shop\",\"item\":\"http:\/\/www.goaviator.com\/en\/shop\"},{\"@type\":\"ListItem\",\"position\":3,\"name\":\"Geschenkgutschein\"}]},{\"@type\":\"WebSite\",\"@id\":\"http:\/\/www.goaviator.com\/en\/#website\",\"url\":\"http:\/\/www.goaviator.com\/en\/\",\"name\":\"GoAviator - Flieg mit echten Legenden.\",\"description\":\"Flieg mit echten Legenden.\",\"publisher\":{\"@id\":\"http:\/\/www.goaviator.com\/en\/#organization\"},\"potentialAction\":[{\"@type\":\"SearchAction\",\"target\":{\"@type\":\"EntryPoint\",\"urlTemplate\":\"http:\/\/www.goaviator.com\/en\/?s={search_term_string}\"},\"query-input\":{\"@type\":\"PropertyValueSpecification\",\"valueRequired\":true,\"valueName\":\"search_term_string\"}}],\"inLanguage\":\"en-US\"},{\"@type\":\"Organization\",\"@id\":\"http:\/\/www.goaviator.com\/en\/#organization\",\"name\":\"GoAviator - Flieg mit echten Legenden.\",\"url\":\"http:\/\/www.goaviator.com\/en\/\",\"logo\":{\"@type\":\"ImageObject\",\"inLanguage\":\"en-US\",\"@id\":\"http:\/\/www.goaviator.com\/en\/#\/schema\/logo\/image\/\",\"url\":\"https:\/\/www.goaviator.com\/wp-content\/uploads\/2025\/03\/cropped-logo_no_wings_green.gif\",\"contentUrl\":\"https:\/\/www.goaviator.com\/wp-content\/uploads\/2025\/03\/cropped-logo_no_wings_green.gif\",\"width\":512,\"height\":512,\"caption\":\"GoAviator - Flieg mit echten Legenden.\"},\"image\":{\"@id\":\"http:\/\/www.goaviator.com\/en\/#\/schema\/logo\/image\/\"},\"sameAs\":[\"https:\/\/www.facebook.com\/GoAviator\/\",\"https:\/\/instagram.com\/goaviatorcom\"]}]}<\/script>\n<!-- \/ Yoast SEO plugin. -->","yoast_head_json":{"title":"Geschenkgutschein - GoAviator - Flieg mit echten Legenden.","robots":{"index":"index","follow":"follow","max-snippet":"max-snippet:-1","max-image-preview":"max-image-preview:large","max-video-preview":"max-video-preview:-1"},"canonical":"https:\/\/www.goaviator.com\/en\/flug\/geschenkgutschein\/","og_locale":"en_US","og_type":"article","og_title":"Geschenkgutschein - GoAviator - Flieg mit echten Legenden.","og_description":"Auf der Suche nach einem einzigartigen Geschenk aber nicht sicher welchen Flug Sie w\u00e4hlen sollen? Kein Problem. In diesem Fall ist ein Geschenkgutschein vermutlich die beste Wahl. Es erlaubt dem Beschenkten seinen Fluggutschein aus einer Vielzahl von wirklich einzigartigen und einmaligen Fl\u00fcgen zu w\u00e4hlen - vom offenen historischen Doppeldecker bis zum \u00dcberschall-Kampfjetflug. Wir bieten fantastische Angebote in verschiedenen Kategorien und an zahlreichen Standorten.","og_url":"https:\/\/www.goaviator.com\/en\/flug\/geschenkgutschein\/","og_site_name":"GoAviator - Flieg mit echten Legenden.","article_publisher":"https:\/\/www.facebook.com\/GoAviator\/","article_modified_time":"2025-05-08T08:51:54+00:00","og_image":[{"width":1575,"height":2175,"url":"https:\/\/www.goaviator.com\/wp-content\/uploads\/2014\/03\/goaviator-classic-voucher.jpg","type":"image\/jpeg"}],"twitter_misc":{"Est. reading time":"3 minutes"},"schema":{"@context":"https:\/\/schema.org","@graph":[{"@type":"WebPage","@id":"https:\/\/www.goaviator.com\/flug\/geschenkgutschein","url":"https:\/\/www.goaviator.com\/flug\/geschenkgutschein","name":"Geschenkgutschein - GoAviator - Flieg mit echten Legenden.","isPartOf":{"@id":"http:\/\/www.goaviator.com\/en\/#website"},"primaryImageOfPage":{"@id":"https:\/\/www.goaviator.com\/flug\/geschenkgutschein#primaryimage"},"image":{"@id":"https:\/\/www.goaviator.com\/flug\/geschenkgutschein#primaryimage"},"thumbnailUrl":"https:\/\/www.goaviator.com\/wp-content\/uploads\/2014\/03\/goaviator-classic-voucher.jpg","datePublished":"2014-03-15T12:57:46+00:00","dateModified":"2025-05-08T08:51:54+00:00","breadcrumb":{"@id":"https:\/\/www.goaviator.com\/flug\/geschenkgutschein#breadcrumb"},"inLanguage":"en-US","potentialAction":[{"@type":"ReadAction","target":["https:\/\/www.goaviator.com\/flug\/geschenkgutschein"]}]},{"@type":"ImageObject","inLanguage":"en-US","@id":"https:\/\/www.goaviator.com\/flug\/geschenkgutschein#primaryimage","url":"https:\/\/www.goaviator.com\/wp-content\/uploads\/2014\/03\/goaviator-classic-voucher.jpg","contentUrl":"https:\/\/www.goaviator.com\/wp-content\/uploads\/2014\/03\/goaviator-classic-voucher.jpg","width":1575,"height":2175,"caption":"goaviator-klassisch-gutschein"},{"@type":"BreadcrumbList","@id":"https:\/\/www.goaviator.com\/flug\/geschenkgutschein#breadcrumb","itemListElement":[{"@type":"ListItem","position":1,"name":"Home","item":"http:\/\/www.goaviator.com\/en\/"},{"@type":"ListItem","position":2,"name":"Shop","item":"http:\/\/www.goaviator.com\/en\/shop"},{"@type":"ListItem","position":3,"name":"Geschenkgutschein"}]},{"@type":"WebSite","@id":"http:\/\/www.goaviator.com\/en\/#website","url":"http:\/\/www.goaviator.com\/en\/","name":"GoAviator - Flieg mit echten Legenden.","description":"Flieg mit echten Legenden.","publisher":{"@id":"http:\/\/www.goaviator.com\/en\/#organization"},"potentialAction":[{"@type":"SearchAction","target":{"@type":"EntryPoint","urlTemplate":"http:\/\/www.goaviator.com\/en\/?s={search_term_string}"},"query-input":{"@type":"PropertyValueSpecification","valueRequired":true,"valueName":"search_term_string"}}],"inLanguage":"en-US"},{"@type":"Organization","@id":"http:\/\/www.goaviator.com\/en\/#organization","name":"GoAviator - Flieg mit echten Legenden.","url":"http:\/\/www.goaviator.com\/en\/","logo":{"@type":"ImageObject","inLanguage":"en-US","@id":"http:\/\/www.goaviator.com\/en\/#\/schema\/logo\/image\/","url":"https:\/\/www.goaviator.com\/wp-content\/uploads\/2025\/03\/cropped-logo_no_wings_green.gif","contentUrl":"https:\/\/www.goaviator.com\/wp-content\/uploads\/2025\/03\/cropped-logo_no_wings_green.gif","width":512,"height":512,"caption":"GoAviator - Flieg mit echten Legenden."},"image":{"@id":"http:\/\/www.goaviator.com\/en\/#\/schema\/logo\/image\/"},"sameAs":["https:\/\/www.facebook.com\/GoAviator\/","https:\/\/instagram.com\/goaviatorcom"]}]}},"_links":{"self":[{"href":"https:\/\/www.goaviator.com\/en\/wp-json\/wp\/v2\/product\/9157","targetHints":{"allow":["GET"]}}],"collection":[{"href":"https:\/\/www.goaviator.com\/en\/wp-json\/wp\/v2\/product"}],"about":[{"href":"https:\/\/www.goaviator.com\/en\/wp-json\/wp\/v2\/types\/product"}],"wp:featuredmedia":[{"embeddable":true,"href":"https:\/\/www.goaviator.com\/en\/wp-json\/wp\/v2\/media\/9044"}],"wp:attachment":[{"href":"https:\/\/www.goaviator.com\/en\/wp-json\/wp\/v2\/media?parent=9157"}],"wp:term":[{"taxonomy":"product_brand","embeddable":true,"href":"https:\/\/www.goaviator.com\/en\/wp-json\/wp\/v2\/product_brand?post=9157"},{"taxonomy":"product_cat","embeddable":true,"href":"https:\/\/www.goaviator.com\/en\/wp-json\/wp\/v2\/product_cat?post=9157"},{"taxonomy":"product_tag","embeddable":true,"href":"https:\/\/www.goaviator.com\/en\/wp-json\/wp\/v2\/product_tag?post=9157"}],"curies":[{"name":"wp","href":"https:\/\/api.w.org\/{rel}","templated":true}]}}